{"id":2908,"date":"2025-03-31T19:27:40","date_gmt":"2025-03-31T19:27:40","guid":{"rendered":"https:\/\/merx.com.ec\/?page_id=2908"},"modified":"2025-03-31T20:00:19","modified_gmt":"2025-03-31T20:00:19","slug":"cookies","status":"publish","type":"page","link":"https:\/\/merx.com.ec\/?page_id=2908","title":{"rendered":"Cookies"},"content":{"rendered":"\t\t<div data-elementor-type=\"wp-page\" data-elementor-id=\"2908\" class=\"elementor elementor-2908\" data-elementor-settings=\"[]\">\n\t\t\t\t\t\t<div class=\"elementor-inner\">\n\t\t\t\t\t\t\t<div class=\"elementor-section-wrap\">\n\t\t\t\t\t\t\t<section class=\"elementor-section elementor-top-section elementor-element elementor-element-bfec8bd elementor-section-full_width elementor-section-height-default elementor-section-height-default\" data-id=\"bfec8bd\" data-element_type=\"section\">\n\t\t\t\t\t\t<div class=\"elementor-container elementor-column-gap-default\">\n\t\t\t\t\t\t\t<div class=\"elementor-row\">\n\t\t\t\t\t<div class=\"elementor-column elementor-col-100 elementor-top-column elementor-element elementor-element-32c1660\" data-id=\"32c1660\" data-element_type=\"column\">\n\t\t\t<div class=\"elementor-column-wrap elementor-element-populated\">\n\t\t\t\t\t\t\t<div class=\"elementor-widget-wrap\">\n\t\t\t\t\t\t<div class=\"elementor-element elementor-element-956e8e5 elementor-widget elementor-widget-html\" data-id=\"956e8e5\" data-element_type=\"widget\" data-widget_type=\"html.default\">\n\t\t\t\t<div class=\"elementor-widget-container\">\n\t\t\t<!DOCTYPE html>\n<html lang=\"es\">\n\n<head>\n    <meta charset=\"UTF-8\">\n    <meta name=\"viewport\" content=\"width=device-width, initial-scale=1.0\">\n    <title>Tratameinto de Datos Personales<\/title>\n    <style>\n        body {\n            font-family: Arial, sans-serif;\n            line-height: 1.6;\n            margin: 0;\n        }\n        \n        a {\n            color: blue;\n        }\n\n        h1,\n        h2,\n        h3,\n        h4,\n        h5,\n        h6 {\n            color: #333;\n        }\n\n        p {\n            margin-bottom: 1em;\n        }\n\n        .section-title {\n            font-size: 1.2em;\n            font-weight: bold;\n            margin-top: 1.5em;\n            margin-bottom: 0.5em;\n        }\n\n        .rights,\n        .controls,\n        .terms {\n            margin-bottom: 2em;\n        }\n\n        .merx-title,\n        .merx-category,\n        .merx-category-title {\n            margin-left: 10%;\n            color: #D99943;\n        }\n\n        .merx-subtitle {\n            margin-left: 10%;\n            color: #D99943!important;\n        }\n\n        .merx-category {\n            color: #000000;\n            text-align: justify;\n            margin-right: 10%;\n        }\n\n        .merx-category-title {\n            color: #000000;\n        }\n\n        .merx-category-list {\n            margin-left: 12%;\n            color: #000000;\n            list-style: none;\n            text-align: justify;\n            margin-right: 10%;\n        }\n\n        .merx-category-list-item {\n            color: #000000;\n            list-style: none;\n        }\n\n        .merx-category-list-style {\n            margin-left: 12%;\n            color: #000000;\n            text-align: justify;\n            margin-right: 10%;\n        }\n\n        .merx-article {\n            color: #06a1df;\n        }\n\n        .merx-category-type {\n            color: #2C4080;\n            font-weight: bold;\n        }\n\n        .merx-list-num {\n            color: #D99943;\n            font-weight: bold;\n        }\n    <\/style>\n<\/head>\n\n<body>\n\n<h1 class=\"merx-title\">Cookies en MERXLOGISTICSERVICES CIA. LTDA.<\/h1>\n\n<div class=\"amb\">\n    <h2 class=\"merx-subtitle\">Pol\u00edtica de Cookies<\/h2>\n\n    <p class=\"merx-category\">\n        En cumplimiento de la Ley Org\u00e1nica de Protecci\u00f3n de Datos Personales, <strong>MERX LOGISTICS\n        SERVICES MERXLOGSERVICES CIA. LTDA.<\/strong> desprende la presente informaci\u00f3n sobre el uso\n        de cookies, los cuales est\u00e1n centrados en otorgar al usuario la suficiente informaci\u00f3n de los\n        distintos aplicativos que se llevan a cabo tanto en el sitio web, como en los productos que forman\n        parte de <strong>MERX LOGISTICS SERVICES MERXLOGSERVICES CIA. LTDA.<\/strong>\n    <\/p>\n\n    <h2 class=\"merx-subtitle\">\u00bfQu\u00e9 son las Cookies?<\/h2>\n\n    <p class=\"merx-category\">\n        Las cookies son ficheros de texto necesarios para navegar por un determinado espacio virtual o\n        aplicaci\u00f3n y, ayudan a los desarrolladores web a ofrecerte una visita m\u00e1s personal y c\u00f3moda.\n        Permiten recordar a un usuario y a sus inicios de sesi\u00f3n, as\u00ed como los carritos de compra y muchas\n        m\u00e1s funciones.\n    <\/p>\n\n    <h2 class=\"merx-subtitle\">\u00bfCu\u00e1l es la funci\u00f3n de las Cookies?<\/h2>\n\n    <p class=\"merx-category\">\n        En el caso de nuestro sitio web y sus productos; utilizamos las Cookies para mejorar la experiencia\n        de navegaci\u00f3n del Usuario. En caso de no contar con ellas, el visitante del sitio o dominio deber\u00e1\n        tener que ingresar sus datos de inicio de sesi\u00f3n cada que cierra el navegador, o en caso de utilizar\n        un carrito de compras, los productos seleccionados no ser\u00e1n recordados y nuevamente tendr\u00e1 que\n        ubicarlos uno a uno. Entonces en la actualidad, las Cookies se consideran esencial en la\n        experiencia moderna en Internet.\n    <\/p>\n\n    <h2 class=\"merx-subtitle\">\u00bfQu\u00e9 Cookies son utilizadas?<\/h2>\n    <div class=\"merx-category\">\n        <table border=\"1\" cellpadding=\"5\" cellspacing=\"0\">\n            <thead>\n            <tr>\n                <th>Sitio<\/th>\n                <th>Cookie<\/th>\n                <th>Detalle<\/th>\n            <\/tr>\n            <\/thead>\n            <tbody>\n            <tr>\n                <td><a href=\"https:\/\/merx.com.ec\/\">https:\/\/merx.com.ec\/<\/a><\/td>\n                <td>chaty_settings<\/td>\n                <td>Cookie utilizada por un plugin de redireccionamiento al chat de WhatsApp.<\/td>\n            <\/tr>\n            <tr>\n                <td><a href=\"https:\/\/merxbox.com\/merxbox\/\">https:\/\/merxbox.com\/merxbox\/<\/a><\/td>\n                <td>activechatyWidgets<\/td>\n                <td>Cookie utilizada por el mismo plugin de redireccionamiento al chat de WhatsApp, pero en este sitio se\n                    utiliza para controlar la cantidad de widgets que se van a presentar en las diferentes p\u00e1ginas.\n                <\/td>\n            <\/tr>\n            <tr>\n                <td><a href=\"https:\/\/merxbox.com\/merxbox\/\">https:\/\/merxbox.com\/merxbox\/<\/a><\/td>\n                <td>chatyWidget_0<\/td>\n                <td>Cookie utilizada por el mismo plugin de redireccionamiento al chat de WhatsApp, pero en este sitio se\n                    utiliza para mostrar el widget en una p\u00e1gina secundaria.\n                <\/td>\n            <\/tr>\n            <tr>\n                <td><a href=\"https:\/\/courier.merxbox.com\/\">https:\/\/courier.merxbox.com\/<\/a><\/td>\n                <td colspan=\"2\">\n                    Actualmente este sitio hereda las cookies de\n                    <a href=\"https:\/\/merxbox.com\/merxbox\/\">https:\/\/merxbox.com\/merxbox\/<\/a>\n                    por ser un subdominio, pero no agrega ninguna cookie adicional.\n                    <br><br>\n                    <strong>Observaci\u00f3n*:<\/strong> En una fase siguiente se va a lanzar una versi\u00f3n nueva de este sitio que\n                    s\u00ed va a contener una cookie que ser\u00e1 <strong>Auth-token<\/strong>, la cual tiene su utilidad en el\n                    control de las sesiones de los Usuarios.\n                <\/td>\n            <\/tr>\n            <\/tbody>\n        <\/table>\n    <\/div>\n\n    <h2 class=\"merx-subtitle\">\u00bfQui\u00e9n se encarga de la informaci\u00f3n obtenida de las Cookies?<\/h2>\n\n    <p class=\"merx-category\">\n        Los datos que se almacenan a trav\u00e9s de las Cookies son utilizados \u00fanicamente por <strong>MERX\n        LOGISTICS SERVICES MERXLOGSERVICES CIA. LTDA.<\/strong> y, estrictamente cumplen el prop\u00f3sito\n        de ofrecer al Usuario una experiencia optima a la hora de utilizar nuestros servicios.\n    <\/p>\n\n    <h2 class=\"merx-subtitle\">Actualizaci\u00f3n de la Pol\u00edtica de Cookies<\/h2>\n\n    <p class=\"merx-category\">\n        Al renovar las pol\u00edticas de Cookies, tratamiento de Datos Personales o de Privacidad, se le\n        comunicar\u00e1 al Usuario, que ser\u00e1 notificado por los canales de informaci\u00f3n de <strong>MERX LOGISTICS\n        SERVICES MERXLOGSERVICES CIA. LTDA.<\/strong>\n    <\/p>\n<\/div>\n<\/body>\n\n<\/html>\n\t\t<\/div>\n\t\t\t\t<\/div>\n\t\t\t\t\t\t<\/div>\n\t\t\t\t\t<\/div>\n\t\t<\/div>\n\t\t\t\t\t\t\t\t<\/div>\n\t\t\t\t\t<\/div>\n\t\t<\/section>\n\t\t\t\t\t\t<\/div>\n\t\t\t\t\t\t<\/div>\n\t\t\t\t\t<\/div>\n\t\t","protected":false},"excerpt":{"rendered":"<p>Tratameinto de Datos Personales Cookies en MERXLOGISTICSERVICES CIA. LTDA. Pol\u00edtica de Cookies En cumplimiento de la Ley Org\u00e1nica de Protecci\u00f3n de Datos Personales, MERX LOGISTICS SERVICES MERXLOGSERVICES CIA. LTDA. desprende la presente informaci\u00f3n sobre el uso de cookies, los cuales est\u00e1n centrados en otorgar al usuario la suficiente informaci\u00f3n de los distintos aplicativos que se &hellip;<\/p>\n<p class=\"read-more\"> <a class=\"\" href=\"https:\/\/merx.com.ec\/?page_id=2908\"> <span class=\"screen-reader-text\">Cookies<\/span> Read More &raquo;<\/a><\/p>\n","protected":false},"author":1,"featured_media":0,"parent":0,"menu_order":0,"comment_status":"closed","ping_status":"closed","template":"","meta":{"footnotes":""},"class_list":["post-2908","page","type-page","status-publish","hentry"],"_links":{"self":[{"href":"https:\/\/merx.com.ec\/index.php?rest_route=\/wp\/v2\/pages\/2908","targetHints":{"allow":["GET"]}}],"collection":[{"href":"https:\/\/merx.com.ec\/index.php?rest_route=\/wp\/v2\/pages"}],"about":[{"href":"https:\/\/merx.com.ec\/index.php?rest_route=\/wp\/v2\/types\/page"}],"author":[{"embeddable":true,"href":"https:\/\/merx.com.ec\/index.php?rest_route=\/wp\/v2\/users\/1"}],"replies":[{"embeddable":true,"href":"https:\/\/merx.com.ec\/index.php?rest_route=%2Fwp%2Fv2%2Fcomments&post=2908"}],"version-history":[{"count":16,"href":"https:\/\/merx.com.ec\/index.php?rest_route=\/wp\/v2\/pages\/2908\/revisions"}],"predecessor-version":[{"id":2939,"href":"https:\/\/merx.com.ec\/index.php?rest_route=\/wp\/v2\/pages\/2908\/revisions\/2939"}],"wp:attachment":[{"href":"https:\/\/merx.com.ec\/index.php?rest_route=%2Fwp%2Fv2%2Fmedia&parent=2908"}],"curies":[{"name":"wp","href":"https:\/\/api.w.org\/{rel}","templated":true}]}}